{"id":16207,"date":"2022-12-08T18:45:39","date_gmt":"2022-12-08T17:45:39","guid":{"rendered":"https:\/\/sptrybsz.lapszenizne.pl\/?page_id=16207"},"modified":"2022-12-12T18:41:57","modified_gmt":"2022-12-12T17:41:57","slug":"twojedanetwojasprawa","status":"publish","type":"page","link":"https:\/\/sptrybsz.lapszenizne.pl\/?page_id=16207","title":{"rendered":"#TwojedaneTwojasprawa"},"content":{"rendered":"<p>to og\u00f3lnopolski program edukacyjny, kt\u00f3rego organizatorem jest Prezes Urz\u0119du Ochrony Danych Osobowych.<\/p>\n<p>Poni\u017cej najwa\u017cniejsze informacje:<\/p>\n<p><img loading=\"lazy\" decoding=\"async\" class=\"\" src=\"https:\/\/sptrybsz.lapszenizne.pl\/wp-content\/uploads\/2022\/12\/program-UODO-scaled.jpg\" alt=\"\" width=\"532\" height=\"752\" \/><\/p>\n<p><strong>Korzy\u015bci z udzia\u0142u w programie &#8211; <a href=\"https:\/\/sptrybsz.lapszenizne.pl\/wp-content\/uploads\/2022\/12\/Ulotka-dwustronna-TDTS.pdf\">otw\u00f3rz<\/a><\/strong><\/p>\n<p><strong><a href=\"https:\/\/sptrybsz.lapszenizne.pl\/wp-content\/uploads\/2022\/12\/Poradnik-dla-szkol-2018.pdf\">Poradnik dla szk\u00f3\u0142<\/a><\/strong><\/p>\n<p>&nbsp;<\/p>\n","protected":false},"excerpt":{"rendered":"<p>to og\u00f3lnopolski program edukacyjny, kt\u00f3rego organizatorem jest Prezes Urz\u0119du Ochrony Danych Osobowych. Poni\u017cej najwa\u017cniejsze informacje: Korzy\u015bci z udzia\u0142u w programie &#8211; otw\u00f3rz Poradnik dla szk\u00f3\u0142 &nbsp;<\/p>\n","protected":false},"author":1,"featured_media":0,"parent":0,"menu_order":0,"comment_status":"closed","ping_status":"closed","template":"","meta":{"footnotes":""},"class_list":["post-16207","page","type-page","status-publish","hentry"],"yoast_head":"<!-- This site is optimized with the Yoast SEO plugin v22.2 - https:\/\/yoast.com\/wordpress\/plugins\/seo\/ -->\n<title>#TwojedaneTwojasprawa - Szko\u0142a Podstawowa im. \u015awi\u0119tej El\u017cbiety W\u0119gierskiej w Trybszu<\/title>\n<meta name=\"robots\" content=\"index, follow, max-snippet:-1, max-image-preview:large, max-video-preview:-1\" \/>\n<link rel=\"canonical\" href=\"https:\/\/sptrybsz.lapszenizne.pl\/?page_id=16207\" \/>\n<meta property=\"og:locale\" content=\"pl_PL\" \/>\n<meta property=\"og:type\" content=\"article\" \/>\n<meta property=\"og:title\" content=\"#TwojedaneTwojasprawa - Szko\u0142a Podstawowa im. \u015awi\u0119tej El\u017cbiety W\u0119gierskiej w Trybszu\" \/>\n<meta property=\"og:description\" content=\"to og\u00f3lnopolski program edukacyjny, kt\u00f3rego organizatorem jest Prezes Urz\u0119du Ochrony Danych Osobowych. Poni\u017cej najwa\u017cniejsze informacje: Korzy\u015bci z udzia\u0142u w programie &#8211; otw\u00f3rz Poradnik dla szk\u00f3\u0142 &nbsp;\" \/>\n<meta property=\"og:url\" content=\"https:\/\/sptrybsz.lapszenizne.pl\/?page_id=16207\" \/>\n<meta property=\"og:site_name\" content=\"Szko\u0142a Podstawowa im. \u015awi\u0119tej El\u017cbiety W\u0119gierskiej w Trybszu\" \/>\n<meta property=\"article:modified_time\" content=\"2022-12-12T17:41:57+00:00\" \/>\n<meta property=\"og:image\" content=\"https:\/\/sptrybsz.lapszenizne.pl\/wp-content\/uploads\/2022\/12\/program-UODO-scaled.jpg\" \/>\n<meta name=\"twitter:card\" content=\"summary_large_image\" \/>\n<meta name=\"twitter:label1\" content=\"Szacowany czas czytania\" \/>\n\t<meta name=\"twitter:data1\" content=\"1 minuta\" \/>\n<script type=\"application\/ld+json\" class=\"yoast-schema-graph\">{\"@context\":\"https:\/\/schema.org\",\"@graph\":[{\"@type\":\"WebPage\",\"@id\":\"https:\/\/sptrybsz.lapszenizne.pl\/?page_id=16207\",\"url\":\"https:\/\/sptrybsz.lapszenizne.pl\/?page_id=16207\",\"name\":\"#TwojedaneTwojasprawa - Szko\u0142a Podstawowa im. \u015awi\u0119tej El\u017cbiety W\u0119gierskiej w Trybszu\",\"isPartOf\":{\"@id\":\"https:\/\/sptrybsz.lapszenizne.pl\/#website\"},\"primaryImageOfPage\":{\"@id\":\"https:\/\/sptrybsz.lapszenizne.pl\/?page_id=16207#primaryimage\"},\"image\":{\"@id\":\"https:\/\/sptrybsz.lapszenizne.pl\/?page_id=16207#primaryimage\"},\"thumbnailUrl\":\"https:\/\/sptrybsz.lapszenizne.pl\/wp-content\/uploads\/2022\/12\/program-UODO-scaled.jpg\",\"datePublished\":\"2022-12-08T17:45:39+00:00\",\"dateModified\":\"2022-12-12T17:41:57+00:00\",\"breadcrumb\":{\"@id\":\"https:\/\/sptrybsz.lapszenizne.pl\/?page_id=16207#breadcrumb\"},\"inLanguage\":\"pl-PL\",\"potentialAction\":[{\"@type\":\"ReadAction\",\"target\":[\"https:\/\/sptrybsz.lapszenizne.pl\/?page_id=16207\"]}]},{\"@type\":\"ImageObject\",\"inLanguage\":\"pl-PL\",\"@id\":\"https:\/\/sptrybsz.lapszenizne.pl\/?page_id=16207#primaryimage\",\"url\":\"https:\/\/sptrybsz.lapszenizne.pl\/wp-content\/uploads\/2022\/12\/program-UODO-scaled.jpg\",\"contentUrl\":\"https:\/\/sptrybsz.lapszenizne.pl\/wp-content\/uploads\/2022\/12\/program-UODO-scaled.jpg\",\"width\":1810,\"height\":2560},{\"@type\":\"BreadcrumbList\",\"@id\":\"https:\/\/sptrybsz.lapszenizne.pl\/?page_id=16207#breadcrumb\",\"itemListElement\":[{\"@type\":\"ListItem\",\"position\":1,\"name\":\"Strona g\u0142\u00f3wna\",\"item\":\"https:\/\/sptrybsz.lapszenizne.pl\/\"},{\"@type\":\"ListItem\",\"position\":2,\"name\":\"#TwojedaneTwojasprawa\"}]},{\"@type\":\"WebSite\",\"@id\":\"https:\/\/sptrybsz.lapszenizne.pl\/#website\",\"url\":\"https:\/\/sptrybsz.lapszenizne.pl\/\",\"name\":\"Szko\u0142a Podstawowa im. \u015awi\u0119tej El\u017cbiety W\u0119gierskiej w Trybszu\",\"description\":\"\",\"potentialAction\":[{\"@type\":\"SearchAction\",\"target\":{\"@type\":\"EntryPoint\",\"urlTemplate\":\"https:\/\/sptrybsz.lapszenizne.pl\/?s={search_term_string}\"},\"query-input\":\"required name=search_term_string\"}],\"inLanguage\":\"pl-PL\"}]}<\/script>\n<!-- \/ Yoast SEO plugin. -->","yoast_head_json":{"title":"#TwojedaneTwojasprawa - Szko\u0142a Podstawowa im. \u015awi\u0119tej El\u017cbiety W\u0119gierskiej w Trybszu","robots":{"index":"index","follow":"follow","max-snippet":"max-snippet:-1","max-image-preview":"max-image-preview:large","max-video-preview":"max-video-preview:-1"},"canonical":"https:\/\/sptrybsz.lapszenizne.pl\/?page_id=16207","og_locale":"pl_PL","og_type":"article","og_title":"#TwojedaneTwojasprawa - Szko\u0142a Podstawowa im. \u015awi\u0119tej El\u017cbiety W\u0119gierskiej w Trybszu","og_description":"to og\u00f3lnopolski program edukacyjny, kt\u00f3rego organizatorem jest Prezes Urz\u0119du Ochrony Danych Osobowych. Poni\u017cej najwa\u017cniejsze informacje: Korzy\u015bci z udzia\u0142u w programie &#8211; otw\u00f3rz Poradnik dla szk\u00f3\u0142 &nbsp;","og_url":"https:\/\/sptrybsz.lapszenizne.pl\/?page_id=16207","og_site_name":"Szko\u0142a Podstawowa im. \u015awi\u0119tej El\u017cbiety W\u0119gierskiej w Trybszu","article_modified_time":"2022-12-12T17:41:57+00:00","og_image":[{"url":"https:\/\/sptrybsz.lapszenizne.pl\/wp-content\/uploads\/2022\/12\/program-UODO-scaled.jpg"}],"twitter_card":"summary_large_image","twitter_misc":{"Szacowany czas czytania":"1 minuta"},"schema":{"@context":"https:\/\/schema.org","@graph":[{"@type":"WebPage","@id":"https:\/\/sptrybsz.lapszenizne.pl\/?page_id=16207","url":"https:\/\/sptrybsz.lapszenizne.pl\/?page_id=16207","name":"#TwojedaneTwojasprawa - Szko\u0142a Podstawowa im. \u015awi\u0119tej El\u017cbiety W\u0119gierskiej w Trybszu","isPartOf":{"@id":"https:\/\/sptrybsz.lapszenizne.pl\/#website"},"primaryImageOfPage":{"@id":"https:\/\/sptrybsz.lapszenizne.pl\/?page_id=16207#primaryimage"},"image":{"@id":"https:\/\/sptrybsz.lapszenizne.pl\/?page_id=16207#primaryimage"},"thumbnailUrl":"https:\/\/sptrybsz.lapszenizne.pl\/wp-content\/uploads\/2022\/12\/program-UODO-scaled.jpg","datePublished":"2022-12-08T17:45:39+00:00","dateModified":"2022-12-12T17:41:57+00:00","breadcrumb":{"@id":"https:\/\/sptrybsz.lapszenizne.pl\/?page_id=16207#breadcrumb"},"inLanguage":"pl-PL","potentialAction":[{"@type":"ReadAction","target":["https:\/\/sptrybsz.lapszenizne.pl\/?page_id=16207"]}]},{"@type":"ImageObject","inLanguage":"pl-PL","@id":"https:\/\/sptrybsz.lapszenizne.pl\/?page_id=16207#primaryimage","url":"https:\/\/sptrybsz.lapszenizne.pl\/wp-content\/uploads\/2022\/12\/program-UODO-scaled.jpg","contentUrl":"https:\/\/sptrybsz.lapszenizne.pl\/wp-content\/uploads\/2022\/12\/program-UODO-scaled.jpg","width":1810,"height":2560},{"@type":"BreadcrumbList","@id":"https:\/\/sptrybsz.lapszenizne.pl\/?page_id=16207#breadcrumb","itemListElement":[{"@type":"ListItem","position":1,"name":"Strona g\u0142\u00f3wna","item":"https:\/\/sptrybsz.lapszenizne.pl\/"},{"@type":"ListItem","position":2,"name":"#TwojedaneTwojasprawa"}]},{"@type":"WebSite","@id":"https:\/\/sptrybsz.lapszenizne.pl\/#website","url":"https:\/\/sptrybsz.lapszenizne.pl\/","name":"Szko\u0142a Podstawowa im. \u015awi\u0119tej El\u017cbiety W\u0119gierskiej w Trybszu","description":"","potentialAction":[{"@type":"SearchAction","target":{"@type":"EntryPoint","urlTemplate":"https:\/\/sptrybsz.lapszenizne.pl\/?s={search_term_string}"},"query-input":"required name=search_term_string"}],"inLanguage":"pl-PL"}]}},"_links":{"self":[{"href":"https:\/\/sptrybsz.lapszenizne.pl\/index.php?rest_route=\/wp\/v2\/pages\/16207","targetHints":{"allow":["GET"]}}],"collection":[{"href":"https:\/\/sptrybsz.lapszenizne.pl\/index.php?rest_route=\/wp\/v2\/pages"}],"about":[{"href":"https:\/\/sptrybsz.lapszenizne.pl\/index.php?rest_route=\/wp\/v2\/types\/page"}],"author":[{"embeddable":true,"href":"https:\/\/sptrybsz.lapszenizne.pl\/index.php?rest_route=\/wp\/v2\/users\/1"}],"replies":[{"embeddable":true,"href":"https:\/\/sptrybsz.lapszenizne.pl\/index.php?rest_route=%2Fwp%2Fv2%2Fcomments&post=16207"}],"version-history":[{"count":6,"href":"https:\/\/sptrybsz.lapszenizne.pl\/index.php?rest_route=\/wp\/v2\/pages\/16207\/revisions"}],"predecessor-version":[{"id":16220,"href":"https:\/\/sptrybsz.lapszenizne.pl\/index.php?rest_route=\/wp\/v2\/pages\/16207\/revisions\/16220"}],"wp:attachment":[{"href":"https:\/\/sptrybsz.lapszenizne.pl\/index.php?rest_route=%2Fwp%2Fv2%2Fmedia&parent=16207"}],"curies":[{"name":"wp","href":"https:\/\/api.w.org\/{rel}","templated":true}]}}