{"id":18118,"date":"2025-02-18T16:44:13","date_gmt":"2025-02-18T15:44:13","guid":{"rendered":"https:\/\/sptrybsz.lapszenizne.pl\/?page_id=18118"},"modified":"2025-02-18T16:54:01","modified_gmt":"2025-02-18T15:54:01","slug":"rekrutacja-przedszkole","status":"publish","type":"page","link":"https:\/\/sptrybsz.lapszenizne.pl\/?page_id=18118","title":{"rendered":"Rekrutacja-przedszkole"},"content":{"rendered":"<div>Szanowni Pa\u0144stwo,<\/div>\n<div>\n<div dir=\"auto\">Rozpoczynamy rekrutacj\u0119 do oddzia\u0142\u00f3w przedszkolnych. W dniach 17 luty &#8211; 7 marca bie\u017c\u0105cego roku nale\u017cy sk\u0142ada\u0107 wnioski o przyj\u0119cie dziecka do oddzia\u0142u przedszkolnego. Wnioski mo\u017cna pobra\u0107 w szkole b\u0105d\u017a ze strony internetowej szko\u0142y.<\/div>\n<div dir=\"auto\"><\/div>\n<div dir=\"auto\" style=\"text-align: right;\">Komisja rekrutacyjna<\/div>\n<\/div>\n<div dir=\"auto\"><a href=\"https:\/\/sptrybsz.lapszenizne.pl\/wp-content\/uploads\/2025\/02\/Zarzadzenie-harmonogram-czynnosci-rekrutacyjnych-do-oddzialow-przedszkolnych-na-rok-szkony-2025-2026.pdf\">harmonogram<\/a><\/div>\n<div dir=\"auto\"><\/div>\n<div dir=\"auto\"><a href=\"https:\/\/sptrybsz.lapszenizne.pl\/wp-content\/uploads\/2025\/02\/WNIOSEK-o-przyjecie-dziecka-do-przedszkola.docx\">wniosek<\/a><\/div>\n<div dir=\"auto\"><\/div>\n<div dir=\"auto\"><a href=\"https:\/\/sptrybsz.lapszenizne.pl\/wp-content\/uploads\/2025\/02\/oswiadczenieozatrudnieniu-1612378680.pdf\">o\u015bwiadczenie o zatrudnieniu<\/a><\/div>\n<div dir=\"auto\"><\/div>\n<div dir=\"auto\"><a href=\"https:\/\/sptrybsz.lapszenizne.pl\/wp-content\/uploads\/2025\/02\/oswiadczenieowielodzietnosci-1612378701.pdf\">o\u015bwiadczenie o wielodzietno\u015bci<\/a><\/div>\n<div dir=\"auto\"><\/div>\n<div dir=\"auto\"><a href=\"https:\/\/sptrybsz.lapszenizne.pl\/wp-content\/uploads\/2025\/02\/OSWIADCZENIE-DEKLARACJA-POBycie-KANDYDATA.docx\">o\u015bwiadczenie o pobycie kandydata<\/a><\/div>\n","protected":false},"excerpt":{"rendered":"<p>Szanowni Pa\u0144stwo, Rozpoczynamy rekrutacj\u0119 do oddzia\u0142\u00f3w przedszkolnych. W dniach 17 luty &#8211; 7 marca bie\u017c\u0105cego roku nale\u017cy sk\u0142ada\u0107 wnioski o przyj\u0119cie dziecka do oddzia\u0142u przedszkolnego. Wnioski mo\u017cna pobra\u0107 w szkole b\u0105d\u017a ze strony internetowej szko\u0142y. Komisja rekrutacyjna harmonogram wniosek o\u015bwiadczenie o zatrudnieniu o\u015bwiadczenie o wielodzietno\u015bci o\u015bwiadczenie o pobycie kandydata<\/p>\n","protected":false},"author":1,"featured_media":0,"parent":0,"menu_order":0,"comment_status":"closed","ping_status":"closed","template":"","meta":{"footnotes":""},"class_list":["post-18118","page","type-page","status-publish","hentry"],"yoast_head":"<!-- This site is optimized with the Yoast SEO plugin v22.2 - https:\/\/yoast.com\/wordpress\/plugins\/seo\/ -->\n<title>Rekrutacja-przedszkole - Szko\u0142a Podstawowa im. \u015awi\u0119tej El\u017cbiety W\u0119gierskiej w Trybszu<\/title>\n<meta name=\"robots\" content=\"index, follow, max-snippet:-1, max-image-preview:large, max-video-preview:-1\" \/>\n<link rel=\"canonical\" href=\"https:\/\/sptrybsz.lapszenizne.pl\/?page_id=18118\" \/>\n<meta property=\"og:locale\" content=\"pl_PL\" \/>\n<meta property=\"og:type\" content=\"article\" \/>\n<meta property=\"og:title\" content=\"Rekrutacja-przedszkole - Szko\u0142a Podstawowa im. \u015awi\u0119tej El\u017cbiety W\u0119gierskiej w Trybszu\" \/>\n<meta property=\"og:description\" content=\"Szanowni Pa\u0144stwo, Rozpoczynamy rekrutacj\u0119 do oddzia\u0142\u00f3w przedszkolnych. W dniach 17 luty &#8211; 7 marca bie\u017c\u0105cego roku nale\u017cy sk\u0142ada\u0107 wnioski o przyj\u0119cie dziecka do oddzia\u0142u przedszkolnego. Wnioski mo\u017cna pobra\u0107 w szkole b\u0105d\u017a ze strony internetowej szko\u0142y. Komisja rekrutacyjna harmonogram wniosek o\u015bwiadczenie o zatrudnieniu o\u015bwiadczenie o wielodzietno\u015bci o\u015bwiadczenie o pobycie kandydata\" \/>\n<meta property=\"og:url\" content=\"https:\/\/sptrybsz.lapszenizne.pl\/?page_id=18118\" \/>\n<meta property=\"og:site_name\" content=\"Szko\u0142a Podstawowa im. \u015awi\u0119tej El\u017cbiety W\u0119gierskiej w Trybszu\" \/>\n<meta property=\"article:modified_time\" content=\"2025-02-18T15:54:01+00:00\" \/>\n<meta name=\"twitter:card\" content=\"summary_large_image\" \/>\n<meta name=\"twitter:label1\" content=\"Szacowany czas czytania\" \/>\n\t<meta name=\"twitter:data1\" content=\"1 minuta\" \/>\n<script type=\"application\/ld+json\" class=\"yoast-schema-graph\">{\"@context\":\"https:\/\/schema.org\",\"@graph\":[{\"@type\":\"WebPage\",\"@id\":\"https:\/\/sptrybsz.lapszenizne.pl\/?page_id=18118\",\"url\":\"https:\/\/sptrybsz.lapszenizne.pl\/?page_id=18118\",\"name\":\"Rekrutacja-przedszkole - Szko\u0142a Podstawowa im. \u015awi\u0119tej El\u017cbiety W\u0119gierskiej w Trybszu\",\"isPartOf\":{\"@id\":\"https:\/\/sptrybsz.lapszenizne.pl\/#website\"},\"datePublished\":\"2025-02-18T15:44:13+00:00\",\"dateModified\":\"2025-02-18T15:54:01+00:00\",\"breadcrumb\":{\"@id\":\"https:\/\/sptrybsz.lapszenizne.pl\/?page_id=18118#breadcrumb\"},\"inLanguage\":\"pl-PL\",\"potentialAction\":[{\"@type\":\"ReadAction\",\"target\":[\"https:\/\/sptrybsz.lapszenizne.pl\/?page_id=18118\"]}]},{\"@type\":\"BreadcrumbList\",\"@id\":\"https:\/\/sptrybsz.lapszenizne.pl\/?page_id=18118#breadcrumb\",\"itemListElement\":[{\"@type\":\"ListItem\",\"position\":1,\"name\":\"Strona g\u0142\u00f3wna\",\"item\":\"https:\/\/sptrybsz.lapszenizne.pl\/\"},{\"@type\":\"ListItem\",\"position\":2,\"name\":\"Rekrutacja-przedszkole\"}]},{\"@type\":\"WebSite\",\"@id\":\"https:\/\/sptrybsz.lapszenizne.pl\/#website\",\"url\":\"https:\/\/sptrybsz.lapszenizne.pl\/\",\"name\":\"Szko\u0142a Podstawowa im. \u015awi\u0119tej El\u017cbiety W\u0119gierskiej w Trybszu\",\"description\":\"\",\"potentialAction\":[{\"@type\":\"SearchAction\",\"target\":{\"@type\":\"EntryPoint\",\"urlTemplate\":\"https:\/\/sptrybsz.lapszenizne.pl\/?s={search_term_string}\"},\"query-input\":\"required name=search_term_string\"}],\"inLanguage\":\"pl-PL\"}]}<\/script>\n<!-- \/ Yoast SEO plugin. -->","yoast_head_json":{"title":"Rekrutacja-przedszkole - Szko\u0142a Podstawowa im. \u015awi\u0119tej El\u017cbiety W\u0119gierskiej w Trybszu","robots":{"index":"index","follow":"follow","max-snippet":"max-snippet:-1","max-image-preview":"max-image-preview:large","max-video-preview":"max-video-preview:-1"},"canonical":"https:\/\/sptrybsz.lapszenizne.pl\/?page_id=18118","og_locale":"pl_PL","og_type":"article","og_title":"Rekrutacja-przedszkole - Szko\u0142a Podstawowa im. \u015awi\u0119tej El\u017cbiety W\u0119gierskiej w Trybszu","og_description":"Szanowni Pa\u0144stwo, Rozpoczynamy rekrutacj\u0119 do oddzia\u0142\u00f3w przedszkolnych. W dniach 17 luty &#8211; 7 marca bie\u017c\u0105cego roku nale\u017cy sk\u0142ada\u0107 wnioski o przyj\u0119cie dziecka do oddzia\u0142u przedszkolnego. Wnioski mo\u017cna pobra\u0107 w szkole b\u0105d\u017a ze strony internetowej szko\u0142y. Komisja rekrutacyjna harmonogram wniosek o\u015bwiadczenie o zatrudnieniu o\u015bwiadczenie o wielodzietno\u015bci o\u015bwiadczenie o pobycie kandydata","og_url":"https:\/\/sptrybsz.lapszenizne.pl\/?page_id=18118","og_site_name":"Szko\u0142a Podstawowa im. \u015awi\u0119tej El\u017cbiety W\u0119gierskiej w Trybszu","article_modified_time":"2025-02-18T15:54:01+00:00","twitter_card":"summary_large_image","twitter_misc":{"Szacowany czas czytania":"1 minuta"},"schema":{"@context":"https:\/\/schema.org","@graph":[{"@type":"WebPage","@id":"https:\/\/sptrybsz.lapszenizne.pl\/?page_id=18118","url":"https:\/\/sptrybsz.lapszenizne.pl\/?page_id=18118","name":"Rekrutacja-przedszkole - Szko\u0142a Podstawowa im. \u015awi\u0119tej El\u017cbiety W\u0119gierskiej w Trybszu","isPartOf":{"@id":"https:\/\/sptrybsz.lapszenizne.pl\/#website"},"datePublished":"2025-02-18T15:44:13+00:00","dateModified":"2025-02-18T15:54:01+00:00","breadcrumb":{"@id":"https:\/\/sptrybsz.lapszenizne.pl\/?page_id=18118#breadcrumb"},"inLanguage":"pl-PL","potentialAction":[{"@type":"ReadAction","target":["https:\/\/sptrybsz.lapszenizne.pl\/?page_id=18118"]}]},{"@type":"BreadcrumbList","@id":"https:\/\/sptrybsz.lapszenizne.pl\/?page_id=18118#breadcrumb","itemListElement":[{"@type":"ListItem","position":1,"name":"Strona g\u0142\u00f3wna","item":"https:\/\/sptrybsz.lapszenizne.pl\/"},{"@type":"ListItem","position":2,"name":"Rekrutacja-przedszkole"}]},{"@type":"WebSite","@id":"https:\/\/sptrybsz.lapszenizne.pl\/#website","url":"https:\/\/sptrybsz.lapszenizne.pl\/","name":"Szko\u0142a Podstawowa im. \u015awi\u0119tej El\u017cbiety W\u0119gierskiej w Trybszu","description":"","potentialAction":[{"@type":"SearchAction","target":{"@type":"EntryPoint","urlTemplate":"https:\/\/sptrybsz.lapszenizne.pl\/?s={search_term_string}"},"query-input":"required name=search_term_string"}],"inLanguage":"pl-PL"}]}},"_links":{"self":[{"href":"https:\/\/sptrybsz.lapszenizne.pl\/index.php?rest_route=\/wp\/v2\/pages\/18118","targetHints":{"allow":["GET"]}}],"collection":[{"href":"https:\/\/sptrybsz.lapszenizne.pl\/index.php?rest_route=\/wp\/v2\/pages"}],"about":[{"href":"https:\/\/sptrybsz.lapszenizne.pl\/index.php?rest_route=\/wp\/v2\/types\/page"}],"author":[{"embeddable":true,"href":"https:\/\/sptrybsz.lapszenizne.pl\/index.php?rest_route=\/wp\/v2\/users\/1"}],"replies":[{"embeddable":true,"href":"https:\/\/sptrybsz.lapszenizne.pl\/index.php?rest_route=%2Fwp%2Fv2%2Fcomments&post=18118"}],"version-history":[{"count":3,"href":"https:\/\/sptrybsz.lapszenizne.pl\/index.php?rest_route=\/wp\/v2\/pages\/18118\/revisions"}],"predecessor-version":[{"id":18121,"href":"https:\/\/sptrybsz.lapszenizne.pl\/index.php?rest_route=\/wp\/v2\/pages\/18118\/revisions\/18121"}],"wp:attachment":[{"href":"https:\/\/sptrybsz.lapszenizne.pl\/index.php?rest_route=%2Fwp%2Fv2%2Fmedia&parent=18118"}],"curies":[{"name":"wp","href":"https:\/\/api.w.org\/{rel}","templated":true}]}}