{"id":92,"date":"2025-09-08T19:32:52","date_gmt":"2025-09-08T17:32:52","guid":{"rendered":"http:\/\/sptrybsz.lapszenizne.pl\/?page_id=92"},"modified":"2026-03-11T15:22:49","modified_gmt":"2026-03-11T14:22:49","slug":"dokumenty","status":"publish","type":"page","link":"https:\/\/sptrybsz.lapszenizne.pl\/?page_id=92","title":{"rendered":"Dokumenty"},"content":{"rendered":"<p><a href=\"https:\/\/sptrybsz.lapszenizne.pl\/wp-content\/uploads\/2026\/03\/STATUT-27.08.2025-r.pdf\"><strong>STATUT<\/strong><\/a><\/p>\n<hr \/>\n<p>&nbsp;<\/p>\n<p><a href=\"https:\/\/sptrybsz.lapszenizne.pl\/wp-content\/uploads\/2026\/03\/PROGRAM-wych.-prof.-2025-26.docx\"><strong>Program wychowawczo-profilaktyczny<\/strong><\/a><\/p>\n<hr \/>\n<p><strong style=\"color: #ff0000; font-size: 1rem;\">POLITYKA OCHRONY MA\u0141OLETNICH\u00a0 PRZED KRZYWDZENIEM <\/strong><span style=\"color: #000000;\"><strong>w Szkole Podstawowej im. \u015awi\u0119tej El\u017cbiety W\u0119gierskiej <\/strong><strong>w Trybszu<\/strong><\/span><\/p>\n<p><a href=\"https:\/\/sptrybsz.lapszenizne.pl\/wp-content\/uploads\/2024\/09\/SOM-dla-rodzicow.docx\"><span style=\"font-size: 1rem;\">tutaj<\/span><\/a><\/p>\n<hr \/>\n<ul>\n<li><strong><a href=\"https:\/\/sptrybsz.lapszenizne.pl\/wp-content\/uploads\/2019\/09\/Wz\u00f3r-zwolnienia-z-lekcji.docx\">Wz\u00f3r<\/a> &#8211; zwolnienie ucznia z lekcji<\/strong><\/li>\n<li><a href=\"https:\/\/sptrybsz.lapszenizne.pl\/wp-content\/uploads\/2019\/09\/duplikat-legitymacji.doc\"><strong>WNIOSEK <\/strong><\/a><strong>o wystawienie duplikatu legitymacji szkolnej<\/strong><\/li>\n<li><strong>BEZPIECZNA SZKO\u0141A PODSTAWOWA &#8211; PROCEDURY POST\u0118POWA\u0143 OBOWI\u0104ZUJ\u0104CYCH W SZKOLE PODSTAWOWEJ IM. \u015aWI\u0118TEJ EL\u017bBIETY W\u0118GIERSKIEJ W TRYBSZU &#8211; dokument dost\u0119pny<a href=\"https:\/\/sptrybsz.lapszenizne.pl\/wp-content\/uploads\/2019\/05\/Procedury.docx\"> tutaj<\/a><\/strong><\/li>\n<li><strong><a href=\"https:\/\/sptrybsz.lapszenizne.pl\/wp-content\/uploads\/2020\/05\/duplikat-\u015bwiadectwa.doc\">Wniosek<\/a> o wystawienie duplikatu \u015bwiadectwa<\/strong><\/li>\n<li style=\"color: #000000; font-size: 14px;\">\n<p class=\"wiekszy\" style=\"color: #000000; font-size: 14px;\"><a style=\"font-size: 14px;\" href=\"https:\/\/sptrybsz.lapszenizne.pl\/wp-content\/uploads\/2014\/09\/certyfikat.pdf\">Certyfikat &#8222;Wiarygodna Szko\u0142a&#8221;<\/a><\/p>\n<\/li>\n<\/ul>\n<p style=\"font-size: 14px; color: #0027eb;\"><span id=\"inserted6500\" style=\"color: #de185a; font-size: 14px;\">\u00a0<\/span><\/p>\n<p style=\"font-size: 14px;\">\n","protected":false},"excerpt":{"rendered":"<p>STATUT &nbsp; Program wychowawczo-profilaktyczny POLITYKA OCHRONY MA\u0141OLETNICH\u00a0 PRZED KRZYWDZENIEM w Szkole Podstawowej im. \u015awi\u0119tej El\u017cbiety W\u0119gierskiej w Trybszu tutaj Wz\u00f3r &#8211; zwolnienie ucznia z lekcji WNIOSEK o wystawienie duplikatu legitymacji szkolnej BEZPIECZNA SZKO\u0141A PODSTAWOWA &#8211; PROCEDURY POST\u0118POWA\u0143 OBOWI\u0104ZUJ\u0104CYCH W SZKOLE PODSTAWOWEJ IM. \u015aWI\u0118TEJ EL\u017bBIETY W\u0118GIERSKIEJ W TRYBSZU &#8211; dokument dost\u0119pny tutaj Wniosek o wystawienie duplikatu [&hellip;]<\/p>\n","protected":false},"author":1,"featured_media":0,"parent":0,"menu_order":2,"comment_status":"closed","ping_status":"closed","template":"","meta":{"footnotes":""},"class_list":["post-92","page","type-page","status-publish","hentry"],"yoast_head":"<!-- This site is optimized with the Yoast SEO plugin v22.2 - https:\/\/yoast.com\/wordpress\/plugins\/seo\/ -->\n<title>Dokumenty - Szko\u0142a Podstawowa im. \u015awi\u0119tej El\u017cbiety W\u0119gierskiej w Trybszu<\/title>\n<meta name=\"robots\" content=\"index, follow, max-snippet:-1, max-image-preview:large, max-video-preview:-1\" \/>\n<link rel=\"canonical\" href=\"https:\/\/sptrybsz.lapszenizne.pl\/?page_id=92\" \/>\n<meta property=\"og:locale\" content=\"pl_PL\" \/>\n<meta property=\"og:type\" content=\"article\" \/>\n<meta property=\"og:title\" content=\"Dokumenty - Szko\u0142a Podstawowa im. \u015awi\u0119tej El\u017cbiety W\u0119gierskiej w Trybszu\" \/>\n<meta property=\"og:description\" content=\"STATUT &nbsp; Program wychowawczo-profilaktyczny POLITYKA OCHRONY MA\u0141OLETNICH\u00a0 PRZED KRZYWDZENIEM w Szkole Podstawowej im. \u015awi\u0119tej El\u017cbiety W\u0119gierskiej w Trybszu tutaj Wz\u00f3r &#8211; zwolnienie ucznia z lekcji WNIOSEK o wystawienie duplikatu legitymacji szkolnej BEZPIECZNA SZKO\u0141A PODSTAWOWA &#8211; PROCEDURY POST\u0118POWA\u0143 OBOWI\u0104ZUJ\u0104CYCH W SZKOLE PODSTAWOWEJ IM. \u015aWI\u0118TEJ EL\u017bBIETY W\u0118GIERSKIEJ W TRYBSZU &#8211; dokument dost\u0119pny tutaj Wniosek o wystawienie duplikatu [&hellip;]\" \/>\n<meta property=\"og:url\" content=\"https:\/\/sptrybsz.lapszenizne.pl\/?page_id=92\" \/>\n<meta property=\"og:site_name\" content=\"Szko\u0142a Podstawowa im. \u015awi\u0119tej El\u017cbiety W\u0119gierskiej w Trybszu\" \/>\n<meta property=\"article:modified_time\" content=\"2026-03-11T14:22:49+00:00\" \/>\n<meta name=\"twitter:card\" content=\"summary_large_image\" \/>\n<meta name=\"twitter:label1\" content=\"Szacowany czas czytania\" \/>\n\t<meta name=\"twitter:data1\" content=\"1 minuta\" \/>\n<script type=\"application\/ld+json\" class=\"yoast-schema-graph\">{\"@context\":\"https:\/\/schema.org\",\"@graph\":[{\"@type\":\"WebPage\",\"@id\":\"https:\/\/sptrybsz.lapszenizne.pl\/?page_id=92\",\"url\":\"https:\/\/sptrybsz.lapszenizne.pl\/?page_id=92\",\"name\":\"Dokumenty - Szko\u0142a Podstawowa im. \u015awi\u0119tej El\u017cbiety W\u0119gierskiej w Trybszu\",\"isPartOf\":{\"@id\":\"https:\/\/sptrybsz.lapszenizne.pl\/#website\"},\"datePublished\":\"2025-09-08T17:32:52+00:00\",\"dateModified\":\"2026-03-11T14:22:49+00:00\",\"breadcrumb\":{\"@id\":\"https:\/\/sptrybsz.lapszenizne.pl\/?page_id=92#breadcrumb\"},\"inLanguage\":\"pl-PL\",\"potentialAction\":[{\"@type\":\"ReadAction\",\"target\":[\"https:\/\/sptrybsz.lapszenizne.pl\/?page_id=92\"]}]},{\"@type\":\"BreadcrumbList\",\"@id\":\"https:\/\/sptrybsz.lapszenizne.pl\/?page_id=92#breadcrumb\",\"itemListElement\":[{\"@type\":\"ListItem\",\"position\":1,\"name\":\"Strona g\u0142\u00f3wna\",\"item\":\"https:\/\/sptrybsz.lapszenizne.pl\/\"},{\"@type\":\"ListItem\",\"position\":2,\"name\":\"Dokumenty\"}]},{\"@type\":\"WebSite\",\"@id\":\"https:\/\/sptrybsz.lapszenizne.pl\/#website\",\"url\":\"https:\/\/sptrybsz.lapszenizne.pl\/\",\"name\":\"Szko\u0142a Podstawowa im. \u015awi\u0119tej El\u017cbiety W\u0119gierskiej w Trybszu\",\"description\":\"\",\"potentialAction\":[{\"@type\":\"SearchAction\",\"target\":{\"@type\":\"EntryPoint\",\"urlTemplate\":\"https:\/\/sptrybsz.lapszenizne.pl\/?s={search_term_string}\"},\"query-input\":\"required name=search_term_string\"}],\"inLanguage\":\"pl-PL\"}]}<\/script>\n<!-- \/ Yoast SEO plugin. -->","yoast_head_json":{"title":"Dokumenty - Szko\u0142a Podstawowa im. \u015awi\u0119tej El\u017cbiety W\u0119gierskiej w Trybszu","robots":{"index":"index","follow":"follow","max-snippet":"max-snippet:-1","max-image-preview":"max-image-preview:large","max-video-preview":"max-video-preview:-1"},"canonical":"https:\/\/sptrybsz.lapszenizne.pl\/?page_id=92","og_locale":"pl_PL","og_type":"article","og_title":"Dokumenty - Szko\u0142a Podstawowa im. \u015awi\u0119tej El\u017cbiety W\u0119gierskiej w Trybszu","og_description":"STATUT &nbsp; Program wychowawczo-profilaktyczny POLITYKA OCHRONY MA\u0141OLETNICH\u00a0 PRZED KRZYWDZENIEM w Szkole Podstawowej im. \u015awi\u0119tej El\u017cbiety W\u0119gierskiej w Trybszu tutaj Wz\u00f3r &#8211; zwolnienie ucznia z lekcji WNIOSEK o wystawienie duplikatu legitymacji szkolnej BEZPIECZNA SZKO\u0141A PODSTAWOWA &#8211; PROCEDURY POST\u0118POWA\u0143 OBOWI\u0104ZUJ\u0104CYCH W SZKOLE PODSTAWOWEJ IM. \u015aWI\u0118TEJ EL\u017bBIETY W\u0118GIERSKIEJ W TRYBSZU &#8211; dokument dost\u0119pny tutaj Wniosek o wystawienie duplikatu [&hellip;]","og_url":"https:\/\/sptrybsz.lapszenizne.pl\/?page_id=92","og_site_name":"Szko\u0142a Podstawowa im. \u015awi\u0119tej El\u017cbiety W\u0119gierskiej w Trybszu","article_modified_time":"2026-03-11T14:22:49+00:00","twitter_card":"summary_large_image","twitter_misc":{"Szacowany czas czytania":"1 minuta"},"schema":{"@context":"https:\/\/schema.org","@graph":[{"@type":"WebPage","@id":"https:\/\/sptrybsz.lapszenizne.pl\/?page_id=92","url":"https:\/\/sptrybsz.lapszenizne.pl\/?page_id=92","name":"Dokumenty - Szko\u0142a Podstawowa im. \u015awi\u0119tej El\u017cbiety W\u0119gierskiej w Trybszu","isPartOf":{"@id":"https:\/\/sptrybsz.lapszenizne.pl\/#website"},"datePublished":"2025-09-08T17:32:52+00:00","dateModified":"2026-03-11T14:22:49+00:00","breadcrumb":{"@id":"https:\/\/sptrybsz.lapszenizne.pl\/?page_id=92#breadcrumb"},"inLanguage":"pl-PL","potentialAction":[{"@type":"ReadAction","target":["https:\/\/sptrybsz.lapszenizne.pl\/?page_id=92"]}]},{"@type":"BreadcrumbList","@id":"https:\/\/sptrybsz.lapszenizne.pl\/?page_id=92#breadcrumb","itemListElement":[{"@type":"ListItem","position":1,"name":"Strona g\u0142\u00f3wna","item":"https:\/\/sptrybsz.lapszenizne.pl\/"},{"@type":"ListItem","position":2,"name":"Dokumenty"}]},{"@type":"WebSite","@id":"https:\/\/sptrybsz.lapszenizne.pl\/#website","url":"https:\/\/sptrybsz.lapszenizne.pl\/","name":"Szko\u0142a Podstawowa im. \u015awi\u0119tej El\u017cbiety W\u0119gierskiej w Trybszu","description":"","potentialAction":[{"@type":"SearchAction","target":{"@type":"EntryPoint","urlTemplate":"https:\/\/sptrybsz.lapszenizne.pl\/?s={search_term_string}"},"query-input":"required name=search_term_string"}],"inLanguage":"pl-PL"}]}},"_links":{"self":[{"href":"https:\/\/sptrybsz.lapszenizne.pl\/index.php?rest_route=\/wp\/v2\/pages\/92","targetHints":{"allow":["GET"]}}],"collection":[{"href":"https:\/\/sptrybsz.lapszenizne.pl\/index.php?rest_route=\/wp\/v2\/pages"}],"about":[{"href":"https:\/\/sptrybsz.lapszenizne.pl\/index.php?rest_route=\/wp\/v2\/types\/page"}],"author":[{"embeddable":true,"href":"https:\/\/sptrybsz.lapszenizne.pl\/index.php?rest_route=\/wp\/v2\/users\/1"}],"replies":[{"embeddable":true,"href":"https:\/\/sptrybsz.lapszenizne.pl\/index.php?rest_route=%2Fwp%2Fv2%2Fcomments&post=92"}],"version-history":[{"count":84,"href":"https:\/\/sptrybsz.lapszenizne.pl\/index.php?rest_route=\/wp\/v2\/pages\/92\/revisions"}],"predecessor-version":[{"id":19304,"href":"https:\/\/sptrybsz.lapszenizne.pl\/index.php?rest_route=\/wp\/v2\/pages\/92\/revisions\/19304"}],"wp:attachment":[{"href":"https:\/\/sptrybsz.lapszenizne.pl\/index.php?rest_route=%2Fwp%2Fv2%2Fmedia&parent=92"}],"curies":[{"name":"wp","href":"https:\/\/api.w.org\/{rel}","templated":true}]}}